{"id":4174,"date":"2014-06-12T21:55:17","date_gmt":"2014-06-12T19:55:17","guid":{"rendered":"http:\/\/server46.cyon.ch\/~photoglo\/partner-2\/"},"modified":"2018-07-31T10:41:29","modified_gmt":"2018-07-31T08:41:29","slug":"partner","status":"publish","type":"page","link":"http:\/\/www.photoglob.ch\/fr\/partner\/","title":{"rendered":"Partner"},"content":{"rendered":"<div  class='avia-image-container  av-styling-    avia-builder-el-0  el_before_av_one_full  avia-builder-el-first  avia-align-center '  itemprop=\"image\" itemscope=\"itemscope\" itemtype=\"https:\/\/schema.org\/ImageObject\"  ><div class='avia-image-container-inner'><div class='avia-image-overlay-wrap'><img class='avia_image' src='http:\/\/server46.cyon.ch\/~photoglo\/wp-content\/uploads\/2014\/01\/Panorama_FAP_Brienz_Rothorn_Bahn_mit_Kuh_2000x335pix_sRGB.jpg' alt='' title='Panorama_FAP_Brienz_Rothorn_Bahn_mit_Kuh_2000x335pix_sRGB'   itemprop=\"thumbnailUrl\"  \/><\/div><\/div><\/div>\n<div class=\"flex_column av_one_full  flex_column_div first  avia-builder-el-1  el_after_av_image  el_before_av_hr  \" ><p><div  style='height:30px' class='hr hr-invisible   avia-builder-el-2  el_before_av_heading  avia-builder-el-first '><span class='hr-inner ' ><span class='hr-inner-style'><\/span><\/span><\/div><br \/>\n<div  style='padding-bottom:17px; ' class='av-special-heading av-special-heading-h2  blockquote modern-quote modern-centered  avia-builder-el-3  el_after_av_hr  avia-builder-el-last  '><h2 class='av-special-heading-tag '  itemprop=\"headline\"  >Partner<\/h2><div class ='av-subheading av-subheading_below  ' style='font-size:15px;'><p>De nombreux interlocuteurs se tiennent \u00e0 votre disposition. Informons-vous des d\u00e9roulements exacts directement par e-mail ou t\u00e9l\u00e9phone dans votre requ\u00eate sp\u00e9cifique ou adressez-vous directement \u00e0 nos partenaires tr\u00e8s volontiers.<\/p>\n<\/div><div class='special-heading-border'><div class='special-heading-inner-border' ><\/div><\/div><\/div><\/p><\/div>\n<div  style='height:50px' class='hr hr-invisible   avia-builder-el-4  el_after_av_one_full  el_before_av_one_fourth '><span class='hr-inner ' ><span class='hr-inner-style'><\/span><\/span><\/div>\n<div class=\"flex_column av_one_fourth  flex_column_div av-zero-column-padding first  avia-builder-el-5  el_after_av_hr  el_before_av_one_fourth  \" style='border-radius:0px; '><section  class='avia-team-member   avia-builder-el-6  avia-builder-el-no-sibling '  itemscope=\"itemscope\" itemtype=\"https:\/\/schema.org\/Person\" ><div class='team-img-container'><img class='avia_image avia_image_team' src='http:\/\/www.photoglob.ch\/wp-content\/uploads\/2014\/06\/OF_Kartographie_Logo_1024pix_sRGB1.jpg' alt=''  itemprop=\"image\"  \/><div class='team-social'><div class='team-social-inner'><span class='hidden av_member_url_markup '  itemprop=\"url\" > http:\/\/www.orellkarto.ch\/<\/span><a rel=\"v:url noopener\" target='_blank' class=' avia-team-icon ' href='http:\/\/www.orellkarto.ch\/' aria-hidden='true' data-av_icon='\ue822' data-av_iconfont='entypo-fontello'><\/a><\/div><\/div><\/div><span class='hidden team-member-affiliation'  itemprop=\"affiliation\" >Photoglob AG<\/span><\/section><\/div>\n<div class=\"flex_column av_one_fourth  flex_column_div av-zero-column-padding   avia-builder-el-7  el_after_av_one_fourth  el_before_av_one_fourth  \" style='border-radius:0px; '><section  class='avia-team-member   avia-builder-el-8  avia-builder-el-no-sibling '  itemscope=\"itemscope\" itemtype=\"https:\/\/schema.org\/Person\" ><div class='team-img-container'><img class='avia_image avia_image_team' src='http:\/\/www.photoglob.ch\/wp-content\/uploads\/2014\/06\/Logo_Gutsch_1024pix_sRGB.jpg' alt=''  itemprop=\"image\"  \/><div class='team-social'><div class='team-social-inner'><span class='hidden av_member_url_markup '  itemprop=\"url\" >https:\/\/www.gutschverlag.de\/<\/span><a rel=\"v:url noopener\" target='_blank' class=' avia-team-icon ' href='https:\/\/www.gutschverlag.de\/' aria-hidden='true' data-av_icon='\ue822' data-av_iconfont='entypo-fontello'><\/a><\/div><\/div><\/div><span class='hidden team-member-affiliation'  itemprop=\"affiliation\" >Photoglob AG<\/span><\/section><\/div>\n<div class=\"flex_column av_one_fourth  flex_column_div   avia-builder-el-9  el_after_av_one_fourth  el_before_av_one_fourth  \" ><section  class='avia-team-member   avia-builder-el-10  avia-builder-el-no-sibling '  itemscope=\"itemscope\" itemtype=\"https:\/\/schema.org\/Person\" ><div class='team-img-container'><img class='avia_image avia_image_team' src='http:\/\/www.photoglob.ch\/wp-content\/uploads\/2014\/06\/Logo_Fine_Art_Panorama_1024pix_sRGB.jpg' alt=''  itemprop=\"image\"  \/><div class='team-social'><div class='team-social-inner'><span class='hidden av_member_url_markup '  itemprop=\"url\" >#<\/span><a rel=\"v:url noopener\" target='_blank' class=' avia-team-icon ' href='#' aria-hidden='true' data-av_icon='\ue822' data-av_iconfont='entypo-fontello'><\/a><\/div><\/div><\/div><span class='hidden team-member-affiliation'  itemprop=\"affiliation\" >Photoglob AG<\/span><\/section><\/div>\n<div class=\"flex_column av_one_fourth  flex_column_div av-zero-column-padding   avia-builder-el-11  el_after_av_one_fourth  el_before_av_one_fourth  \" style='border-radius:0px; '><section  class='avia-team-member   avia-builder-el-12  avia-builder-el-no-sibling '  itemscope=\"itemscope\" itemtype=\"https:\/\/schema.org\/Person\" ><div class='team-img-container'><img class='avia_image avia_image_team' src='http:\/\/www.photoglob.ch\/wp-content\/uploads\/2014\/06\/logo_eoVision_196pix_sRGB.jpg' alt=''  itemprop=\"image\"  \/><div class='team-social'><div class='team-social-inner'><span class='hidden av_member_url_markup '  itemprop=\"url\" >http:\/\/www.eovision.at\/<\/span><a rel=\"v:url noopener\" target='_blank' class=' avia-team-icon ' href='http:\/\/www.eovision.at\/' aria-hidden='true' data-av_icon='\ue822' data-av_iconfont='entypo-fontello'><\/a><\/div><\/div><\/div><span class='hidden team-member-affiliation'  itemprop=\"affiliation\" >Photoglob AG<\/span><\/section><\/div>\n<div class=\"flex_column av_one_fourth  flex_column_div av-zero-column-padding first  avia-builder-el-13  el_after_av_one_fourth  el_before_av_one_fourth  column-top-margin\" style='border-radius:0px; '><section  class='avia-team-member   avia-builder-el-14  avia-builder-el-no-sibling '  itemscope=\"itemscope\" itemtype=\"https:\/\/schema.org\/Person\" ><div class='team-img-container'><img class='avia_image avia_image_team' src='http:\/\/www.photoglob.ch\/wp-content\/uploads\/2018\/07\/Logo_Calendaria_2018.jpg' alt=''  itemprop=\"image\"  \/><div class='team-social'><div class='team-social-inner'><span class='hidden av_member_url_markup '  itemprop=\"url\" >http:\/\/www.calendaria.ch\/<\/span><a rel=\"v:url noopener\" target='_blank' class=' avia-team-icon ' href='http:\/\/www.calendaria.ch\/' aria-hidden='true' data-av_icon='\ue822' data-av_iconfont='entypo-fontello'><\/a><\/div><\/div><\/div><span class='hidden team-member-affiliation'  itemprop=\"affiliation\" >Photoglob AG<\/span><\/section><\/div><div class=\"flex_column av_one_fourth  flex_column_div av-zero-column-padding   avia-builder-el-15  el_after_av_one_fourth  avia-builder-el-last  column-top-margin\" style='border-radius:0px; '><section  class='avia-team-member   avia-builder-el-16  avia-builder-el-no-sibling '  itemscope=\"itemscope\" itemtype=\"https:\/\/schema.org\/Person\" ><div class='team-img-container'><img class='avia_image avia_image_team' src='http:\/\/www.photoglob.ch\/wp-content\/uploads\/2014\/06\/AS_Verlag_asbanner_kopf_neutral.jpg' alt=''  itemprop=\"image\"  \/><div class='team-social'><div class='team-social-inner'><span class='hidden av_member_url_markup '  itemprop=\"url\" >http:\/\/www.as-verlag.ch\/<\/span><a rel=\"v:url noopener\" target='_blank' class=' avia-team-icon ' href='http:\/\/www.as-verlag.ch\/' aria-hidden='true' data-av_icon='\ue822' data-av_iconfont='entypo-fontello'><\/a><\/div><\/div><\/div><span class='hidden team-member-affiliation'  itemprop=\"affiliation\" >Photoglob AG<\/span><\/section><\/div><\/p>\n","protected":false},"excerpt":{"rendered":"","protected":false},"author":1,"featured_media":0,"parent":0,"menu_order":0,"comment_status":"closed","ping_status":"closed","template":"","meta":{"footnotes":""},"class_list":["post-4174","page","type-page","status-publish","hentry"],"_links":{"self":[{"href":"http:\/\/www.photoglob.ch\/fr\/wp-json\/wp\/v2\/pages\/4174","targetHints":{"allow":["GET"]}}],"collection":[{"href":"http:\/\/www.photoglob.ch\/fr\/wp-json\/wp\/v2\/pages"}],"about":[{"href":"http:\/\/www.photoglob.ch\/fr\/wp-json\/wp\/v2\/types\/page"}],"author":[{"embeddable":true,"href":"http:\/\/www.photoglob.ch\/fr\/wp-json\/wp\/v2\/users\/1"}],"replies":[{"embeddable":true,"href":"http:\/\/www.photoglob.ch\/fr\/wp-json\/wp\/v2\/comments?post=4174"}],"version-history":[{"count":5,"href":"http:\/\/www.photoglob.ch\/fr\/wp-json\/wp\/v2\/pages\/4174\/revisions"}],"predecessor-version":[{"id":6576,"href":"http:\/\/www.photoglob.ch\/fr\/wp-json\/wp\/v2\/pages\/4174\/revisions\/6576"}],"wp:attachment":[{"href":"http:\/\/www.photoglob.ch\/fr\/wp-json\/wp\/v2\/media?parent=4174"}],"curies":[{"name":"wp","href":"https:\/\/api.w.org\/{rel}","templated":true}]}}