{"id":3494,"date":"2013-11-27T18:58:55","date_gmt":"2013-11-27T18:58:55","guid":{"rendered":"http:\/\/server46.cyon.ch\/~photoglo\/about-me-2\/"},"modified":"2014-07-26T08:41:26","modified_gmt":"2014-07-26T06:41:26","slug":"about-me","status":"publish","type":"page","link":"http:\/\/www.photoglob.ch\/fr\/about-me\/","title":{"rendered":"Historique"},"content":{"rendered":"<div  id=\"accordion_slider_1\"  class='aviaccordion aviaccordion-title-active  ' style='max-height:430px' data-av-maxheight='430' data-autoplay='false' data-interval='5'   itemscope=\"itemscope\" itemtype=\"https:\/\/schema.org\/Blog\" ><ul class='aviaccordion-inner'><li class='aviaccordion-slide aviaccordion-slide-1' style='left:0%' data-av-left='0'  itemscope=\"itemscope\" itemtype=\"https:\/\/schema.org\/CreativeWork\" ><a class='aviaccordion-slide-link noHover' href='http:\/\/www.photoglob.ch\/wp-content\/uploads\/2013\/11\/AK_26727_chillon_sRGB.jpg' ><div class='aviaccordion-preview  ' style='width:34.1%'><\/div><img loading=\"lazy\" decoding=\"async\" width=\"1024\" height=\"430\" src=\"http:\/\/www.photoglob.ch\/wp-content\/uploads\/2013\/11\/AK_26727_chillon_sRGB-1024x430.jpg\" class=\"aviaccordion-image\" alt=\"\" \/><\/a><\/li><li class='aviaccordion-slide aviaccordion-slide-2' style='left:33.333333333333%' data-av-left='33.333333333333'  itemscope=\"itemscope\" itemtype=\"https:\/\/schema.org\/CreativeWork\" ><a class='aviaccordion-slide-link noHover' href='http:\/\/www.photoglob.ch\/wp-content\/uploads\/2013\/11\/AK_26852_Stoss_SZ.jpg' ><div class='aviaccordion-preview  ' style='width:34.1%'><\/div><img loading=\"lazy\" decoding=\"async\" width=\"874\" height=\"430\" src=\"http:\/\/www.photoglob.ch\/wp-content\/uploads\/2013\/11\/AK_26852_Stoss_SZ-874x430.jpg\" class=\"aviaccordion-image\" alt=\"\" \/><\/a><\/li><li class='aviaccordion-slide aviaccordion-slide-3' style='left:66.666666666667%' data-av-left='66.666666666667'  itemscope=\"itemscope\" itemtype=\"https:\/\/schema.org\/CreativeWork\" ><a class='aviaccordion-slide-link noHover' href='http:\/\/www.photoglob.ch\/wp-content\/uploads\/2013\/11\/AK_27235_Rheinfall_sRGB.jpg' ><div class='aviaccordion-preview  ' style='width:34.1%'><\/div><img loading=\"lazy\" decoding=\"async\" width=\"878\" height=\"430\" src=\"http:\/\/www.photoglob.ch\/wp-content\/uploads\/2013\/11\/AK_27235_Rheinfall_sRGB-878x430.jpg\" class=\"aviaccordion-image\" alt=\"\" \/><\/a><\/li><\/ul><div class='aviaccordion-spacer' style='padding-bottom:28.666666666667%'><\/div><\/div>\n<div  style='padding-bottom:10px; ' class='av-special-heading av-special-heading-h3    avia-builder-el-1  el_after_av_slideshow_accordion  el_before_av_three_fifth  avia-builder-el-first  '><h3 class='av-special-heading-tag '  itemprop=\"headline\"  >PHOTOGLOB HIER ET AUJOURD\u2019HUI<\/h3><div class='special-heading-border'><div class='special-heading-inner-border' ><\/div><\/div><\/div>\n<div class=\"flex_column av_three_fifth  flex_column_div first  avia-builder-el-2  el_after_av_heading  el_before_av_two_fifth  \" ><section class=\"av_textblock_section \"  itemscope=\"itemscope\" itemtype=\"https:\/\/schema.org\/CreativeWork\" ><div class='avia_textblock  '   itemprop=\"text\" ><div class=\"wpb_text_column wpb_content_element \" style=\"color: #3f3f3f;\">\n<div class=\"wpb_wrapper\" style=\"font-weight: inherit; font-style: inherit;\">\n<p style=\"font-style: inherit; color: #424242;\">Dans le domaine des cartes postales, on trouve, parall\u00e8lement aux nombreuses vues de montagnes, de paysages et de villes destin\u00e9es principalement aux touristes, des cartes sur le th\u00e8me des fleurs et des animaux, des motifs \u00e0 caract\u00e8re humoristique, des reproductions d\u2019affiches ou encore des cartes \u00e0 coller soi-m\u00eame. La gamme comprend plus de 20 000 motifs actuels en provenance de toute la Suisse. Photoglob AG propose aussi de tr\u00e8s nombreuses s\u00e9ries populaires de cartes postales ou cartes doubles pour les besoins de la communication quotidienne \u2013 notamment Kultura, SwissToch, SchreibLust, Cartolini. L\u2019offre est compl\u00e9t\u00e9e par des albums, des recueils de photos, des calendriers, des livres de souvenirs et divers autres articles pour le secteur touristique.<\/p>\n<p>Photoglob AG distribue \u00e9galement diff\u00e9rents livres pour enfants de la maison d\u2019\u00e9dition Orell-F\u00fcssli-Verlag, des guides de randonn\u00e9e de Rother Bergverlag, AT, AS et Terra Grischuna et les produits de la maison d\u2019\u00e9dition Montabella de St-Moritz. Photoglob AG assure par ailleurs la commercialisation de produits de la maison d\u2019\u00e9dition de calendriers Schwarzw\u00e4lder Kalenderverlag (SKV) et du \u201cKalenderverlag\u201c.<br \/>\nLa soci\u00e9t\u00e9 Photoglob peut s\u2019appuyer sur une base iconographique toujours \u00e0 jour gr\u00e2ce \u00e0 son p\u00f4le de photographes internes et externes. Le caract\u00e8re toujours actuel des produits de la maison d\u2019\u00e9dition est un gage de qualit\u00e9 et la marque de fabrique de la soci\u00e9t\u00e9.<br \/>\nLa soci\u00e9t\u00e9 dispose d\u2019une branche pr\u00e9presse moderne qui lui permet de proposer des solutions professionnelles \u00e0 des conditions avantageuses pour les produits d\u2019\u00e9dition et de promotion. Le service interne exp\u00e9riment\u00e9 accompagne la production et r\u00e9pond aux souhaits des clients.<br \/>\nLa gestion des stocks de la maison d\u2019\u00e9dition et la livraison sont assur\u00e9es depuis 2006 par l\u2019entreprise logistique Balmer-B\u00fccherdienst; les livres peuvent aussi \u00eatre command\u00e9s aupr\u00e8s du Schweizer Buchzentrum et de l\u2019Office du livre.<br \/>\nLe service commercial externe est divis\u00e9 en r\u00e9gions; les march\u00e9s des librairies et du secteur papeterie\/boutiques de cadeaux sont parall\u00e8lement g\u00e9r\u00e9s par un repr\u00e9sentant chacun.<br \/>\nLa soci\u00e9t\u00e9 Photoglob AG cr\u00e9\u00e9e en 1889 par l\u2019ancien Art. Institut Orell F\u00fcssli \u00e9tait sp\u00e9cialis\u00e9e \u00e0 l\u2019origine dans les photochromes qui \u00e9taient vendus dans le monde entier.La photochromie est une technique utilisant les pierres lithographiques pour obtenir des impressions couleur de photos noir et blanc. Ce march\u00e9 a connu de s\u00e9rieuses difficult\u00e9s lors de la Premi\u00e8re Guerre mondiale et l\u2019entreprise s\u2019est alors concentr\u00e9e sur le commerce des cartes postales et de produits iconographiques suisses. Gr\u00e2ce \u00e0 la fusion avec la maison \u201cGebr\u00fcder Wehrli\u201c, Photoglob est devenu d\u00e8s l\u2019entre-deux-guerres la plus grande maison d\u2019\u00e9dition suisse de cartes postales. Mais c\u2019est la fusion en 1999 avec la maison d\u2019\u00e9dition Rud. Suter AG d\u2019Oberrieden et Foto Geiger de Flims, les op\u00e9rations avec diverses maisons d\u2019\u00e9dition et la mise en place de coop\u00e9rations qui ont permis \u00e0 Photoglob AG de s\u2019imposer comme un partenaire exclusif proposant des cartes postales de toutes les r\u00e9gions du pays. Le programme de la maison d\u2019\u00e9dition Photoglob est vaste. Outre l\u2019\u00e9dition de nombreuses images touristiques, la soci\u00e9t\u00e9 Photoglob AG assure la commercialisation des c\u00e9l\u00e8bres plans Orell-F\u00fcssli et des cartes g\u00e9ographiques des \u00c9ditions MPA. Son portefeuille comprend \u00e9galement des produits cartographiques de la maison d\u2019\u00e9dition parisienne Michelin. L\u2019entreprise assure la pr\u00e9sence dans les librairies et sur les march\u00e9s annexes dans toute la Suisse de guides internationaux des maisons d\u2019\u00e9dition Travel House Media (Merian), Michelin, ADAC, Iwanowski et JPM en diverses langues. Les guides produits au niveau interne (guides de voyage et guides consacr\u00e9s \u00e0 des villes donn\u00e9es) viennent compl\u00e9ter le portefeuille.<\/p>\n<\/div>\n<\/div>\n<div class=\"wpb_text_column wpb_content_element \" style=\"color: #3f3f3f;\"><\/div>\n<\/div><\/section><\/div><div class=\"flex_column av_two_fifth  flex_column_div   avia-builder-el-4  el_after_av_three_fifth  avia-builder-el-last  \" ><p><div  class='avia-image-container  av-styling-    avia-builder-el-5  el_before_av_image  avia-builder-el-first  avia-align-center '  itemprop=\"image\" itemscope=\"itemscope\" itemtype=\"https:\/\/schema.org\/ImageObject\"  ><div class='avia-image-container-inner'><div class='avia-image-overlay-wrap'><img class='avia_image' src='http:\/\/server46.cyon.ch\/~photoglo\/wp-content\/uploads\/2014\/05\/AK_GeoRelief_4280000002440_schweiz1.jpg' alt='' title='AK_GeoRelief_4280000002440_schweiz'   itemprop=\"thumbnailUrl\"  \/><\/div><\/div><\/div><br \/>\n<div  class='avia-image-container  av-styling-    avia-builder-el-6  el_after_av_image  el_before_av_image  avia-align-center '  itemprop=\"image\" itemscope=\"itemscope\" itemtype=\"https:\/\/schema.org\/ImageObject\"  ><div class='avia-image-container-inner'><div class='avia-image-overlay-wrap'><img class='avia_image' src='http:\/\/server46.cyon.ch\/~photoglo\/wp-content\/uploads\/2014\/05\/AK_26704_Basel_sRGB1.jpg' alt='' title='AK_26704_Basel_sRGB'   itemprop=\"thumbnailUrl\"  \/><\/div><\/div><\/div><br \/>\n<div  class='avia-image-container  av-styling-    avia-builder-el-7  el_after_av_image  avia-builder-el-last  avia-align-center '  itemprop=\"image\" itemscope=\"itemscope\" itemtype=\"https:\/\/schema.org\/ImageObject\"  ><div class='avia-image-container-inner'><div class='avia-image-overlay-wrap'><img class='avia_image' src='http:\/\/server46.cyon.ch\/~photoglo\/wp-content\/uploads\/2014\/05\/AK_pano_45500_Jungfraugruppe_sRGB1.jpg' alt='' title='AK_pano_45500_Jungfraugruppe_sRGB'   itemprop=\"thumbnailUrl\"  \/><\/div><\/div><\/div><\/p><\/div><\/p>\n","protected":false},"excerpt":{"rendered":"","protected":false},"author":1,"featured_media":0,"parent":0,"menu_order":0,"comment_status":"closed","ping_status":"closed","template":"","meta":{"footnotes":""},"class_list":["post-3494","page","type-page","status-publish","hentry"],"_links":{"self":[{"href":"http:\/\/www.photoglob.ch\/fr\/wp-json\/wp\/v2\/pages\/3494","targetHints":{"allow":["GET"]}}],"collection":[{"href":"http:\/\/www.photoglob.ch\/fr\/wp-json\/wp\/v2\/pages"}],"about":[{"href":"http:\/\/www.photoglob.ch\/fr\/wp-json\/wp\/v2\/types\/page"}],"author":[{"embeddable":true,"href":"http:\/\/www.photoglob.ch\/fr\/wp-json\/wp\/v2\/users\/1"}],"replies":[{"embeddable":true,"href":"http:\/\/www.photoglob.ch\/fr\/wp-json\/wp\/v2\/comments?post=3494"}],"version-history":[{"count":4,"href":"http:\/\/www.photoglob.ch\/fr\/wp-json\/wp\/v2\/pages\/3494\/revisions"}],"predecessor-version":[{"id":3554,"href":"http:\/\/www.photoglob.ch\/fr\/wp-json\/wp\/v2\/pages\/3494\/revisions\/3554"}],"wp:attachment":[{"href":"http:\/\/www.photoglob.ch\/fr\/wp-json\/wp\/v2\/media?parent=3494"}],"curies":[{"name":"wp","href":"https:\/\/api.w.org\/{rel}","templated":true}]}}