{"id":3488,"date":"2013-11-27T19:01:13","date_gmt":"2013-11-27T19:01:13","guid":{"rendered":"http:\/\/server46.cyon.ch\/~photoglo\/faq-2\/"},"modified":"2020-03-18T19:48:20","modified_gmt":"2020-03-18T17:48:20","slug":"faq","status":"publish","type":"page","link":"http:\/\/www.photoglob.ch\/fr\/faq\/","title":{"rendered":"Conditions g\u00e9n\u00e9rales"},"content":{"rendered":"<\/p>\n<section class=\"av_textblock_section \"  itemscope=\"itemscope\" itemtype=\"https:\/\/schema.org\/CreativeWork\" ><div class='avia_textblock  '   itemprop=\"text\" ><h3><span style=\"color: #23233c;\">Vous trouverez ici nos conditions g\u00e9n\u00e9rales de vente.\u00a0<\/span><span style=\"color: #23233c;\">Les points suivants sont valables pour l\u2019ensemble de notre offre:<\/span><\/h3>\n<ul>\n<li><span style=\"color: #23233c;\">Participation aux co\u00fbts d\u2019exp\u00e9dition selon les frais r\u00e9els, CHF 13.- au minimum.<\/span><\/li>\n<li><span style=\"color: #23233c;\">Livraison en Suisse contre facture. Paiement \u00e0 l\u2019avance pour les livraisons \u00e0 l\u2019\u00e9tranger.<\/span><\/li>\n<li><span style=\"color: #23233c;\">Quantit\u00e9s minimales en cas de commande de cartes postales: 25 cartes par sujet et 200 cartes par livraison<\/span><\/li>\n<li><span style=\"color: #23233c;\">Pas d\u2019envois d\u2019\u00e9chantillons<\/span><\/li>\n<li><span style=\"color: #23233c;\">Pas de vente au d\u00e9tail<\/span><\/li>\n<li><span style=\"color: #23233c;\">D\u00e9lai de livraison pour articles en stock: 3-4 jours ouvr\u00e9s, sauf vente entre-temps<\/span><\/li>\n<li><span style=\"color: #23233c;\">Pas de droit de retour pour les marchandises command\u00e9es, pas d\u2019\u00e9change<\/span><\/li>\n<li><span style=\"color: #23233c;\">Les prix sont indiqu\u00e9s hors TVA<\/span><\/li>\n<li><span style=\"color: #23233c;\">Le lieu de juridiction est Zurich<\/span><\/li>\n<\/ul>\n<p><span style=\"color: #23233c;\">Nous vous remercions de votre int\u00e9r\u00eat et nous nous r\u00e9jouissons d\u00e9j\u00e0 de notre future collaboration.<\/span><\/p>\n<\/div><\/section>\n","protected":false},"excerpt":{"rendered":"","protected":false},"author":1,"featured_media":0,"parent":0,"menu_order":0,"comment_status":"open","ping_status":"open","template":"","meta":{"footnotes":""},"class_list":["post-3488","page","type-page","status-publish","hentry"],"_links":{"self":[{"href":"http:\/\/www.photoglob.ch\/fr\/wp-json\/wp\/v2\/pages\/3488","targetHints":{"allow":["GET"]}}],"collection":[{"href":"http:\/\/www.photoglob.ch\/fr\/wp-json\/wp\/v2\/pages"}],"about":[{"href":"http:\/\/www.photoglob.ch\/fr\/wp-json\/wp\/v2\/types\/page"}],"author":[{"embeddable":true,"href":"http:\/\/www.photoglob.ch\/fr\/wp-json\/wp\/v2\/users\/1"}],"replies":[{"embeddable":true,"href":"http:\/\/www.photoglob.ch\/fr\/wp-json\/wp\/v2\/comments?post=3488"}],"version-history":[{"count":5,"href":"http:\/\/www.photoglob.ch\/fr\/wp-json\/wp\/v2\/pages\/3488\/revisions"}],"predecessor-version":[{"id":6775,"href":"http:\/\/www.photoglob.ch\/fr\/wp-json\/wp\/v2\/pages\/3488\/revisions\/6775"}],"wp:attachment":[{"href":"http:\/\/www.photoglob.ch\/fr\/wp-json\/wp\/v2\/media?parent=3488"}],"curies":[{"name":"wp","href":"https:\/\/api.w.org\/{rel}","templated":true}]}}